{"id":16740,"date":"2023-05-01T21:53:24","date_gmt":"2023-05-01T21:53:24","guid":{"rendered":"https:\/\/www.bernsteinandmaryanoff.com\/es\/?page_id=16740"},"modified":"2023-05-05T21:10:34","modified_gmt":"2023-05-05T21:10:34","slug":"terms-conditions","status":"publish","type":"page","link":"https:\/\/www.bernsteinandmaryanoff.com\/es\/terms-conditions\/","title":{"rendered":"Terms Conditions"},"content":{"rendered":"<style>.kb-row-layout-id_e1b188-51 > .kt-row-column-wrap{align-content:start;}:where(.kb-row-layout-id_e1b188-51 > .kt-row-column-wrap) > .wp-block-kadence-column{justify-content:start;}.kb-row-layout-id_e1b188-51 > .kt-row-column-wrap{column-gap:var(--global-kb-gap-md, 2rem);row-gap:var(--global-kb-gap-md, 2rem);max-width:var( --global-content-width, 1400px );padding-left:var(--global-content-edge-padding);padding-right:var(--global-content-edge-padding);padding-top:80px;padding-bottom:80px;grid-template-columns:minmax(0, 1fr);}.kb-row-layout-id_e1b188-51 > .kt-row-layout-overlay{opacity:0.15;background-image:url('https:\/\/www.bernsteinandmaryanoff.com\/wp-content\/uploads\/2022\/10\/miami.jpg');background-size:cover;background-position:center center;background-attachment:scroll;background-repeat:no-repeat;mix-blend-mode:normal;}@media all and (max-width: 1024px){.kb-row-layout-id_e1b188-51 > .kt-row-column-wrap{grid-template-columns:minmax(0, 1fr);}}@media all and (max-width: 767px){.kb-row-layout-id_e1b188-51 > .kt-row-column-wrap{padding-right:0px;padding-left:0px;grid-template-columns:minmax(0, 1fr);}}<\/style><div class=\"kb-row-layout-wrap kb-row-layout-id_e1b188-51 alignfull has-theme-palette4-background-color kt-row-has-bg wp-block-kadence-rowlayout\"><div class=\"kt-row-layout-overlay kt-row-overlay-normal\"><\/div><div class=\"kt-row-column-wrap kt-has-1-columns kt-row-layout-equal kt-tab-layout-inherit kt-mobile-layout-row kt-row-valign-top kb-theme-content-width\">\n<style>.kadence-column_d6f691-9f > .kt-inside-inner-col,.kadence-column_d6f691-9f > .kt-inside-inner-col:before{border-top-left-radius:0px;border-top-right-radius:0px;border-bottom-right-radius:0px;border-bottom-left-radius:0px;}.kadence-column_d6f691-9f > .kt-inside-inner-col{column-gap:var(--global-kb-gap-sm, 1rem);}.kadence-column_d6f691-9f > .kt-inside-inner-col{flex-direction:column;}.kadence-column_d6f691-9f > .kt-inside-inner-col > .aligncenter{width:100%;}.kadence-column_d6f691-9f > .kt-inside-inner-col:before{opacity:0.3;}.kadence-column_d6f691-9f{position:relative;}@media all and (max-width: 1024px){.kadence-column_d6f691-9f > .kt-inside-inner-col{flex-direction:column;justify-content:center;}}@media all and (max-width: 767px){.kadence-column_d6f691-9f > .kt-inside-inner-col{flex-direction:column;justify-content:center;}}<\/style>\n<div class=\"wp-block-kadence-column kadence-column_d6f691-9f inner-column-1\"><div class=\"kt-inside-inner-col\"><style>.kb-row-layout-id_ff31d8-ec > .kt-row-column-wrap{align-content:start;}:where(.kb-row-layout-id_ff31d8-ec > .kt-row-column-wrap) > .wp-block-kadence-column{justify-content:start;}.kb-row-layout-id_ff31d8-ec > .kt-row-column-wrap{column-gap:var(--global-kb-gap-md, 2rem);row-gap:var(--global-kb-gap-md, 2rem);max-width:600px;margin-left:auto;margin-right:auto;padding-top:0px;padding-bottom:0px;grid-template-columns:minmax(0, 1fr);}.kb-row-layout-id_ff31d8-ec > .kt-row-layout-overlay{opacity:0.30;}@media all and (max-width: 1024px){.kb-row-layout-id_ff31d8-ec > .kt-row-column-wrap{grid-template-columns:minmax(0, 1fr);}}@media all and (max-width: 767px){.kb-row-layout-id_ff31d8-ec > .kt-row-column-wrap{grid-template-columns:minmax(0, 1fr);}}<\/style><div class=\"kb-row-layout-wrap kb-row-layout-id_ff31d8-ec alignnone wp-block-kadence-rowlayout\"><div class=\"kt-row-column-wrap kt-has-1-columns kt-row-layout-equal kt-tab-layout-inherit kt-mobile-layout-row kt-row-valign-top\">\n<style>.kadence-column_29a6af-f6 > .kt-inside-inner-col,.kadence-column_29a6af-f6 > .kt-inside-inner-col:before{border-top-left-radius:0px;border-top-right-radius:0px;border-bottom-right-radius:0px;border-bottom-left-radius:0px;}.kadence-column_29a6af-f6 > .kt-inside-inner-col{column-gap:var(--global-kb-gap-sm, 1rem);}.kadence-column_29a6af-f6 > .kt-inside-inner-col{flex-direction:column;}.kadence-column_29a6af-f6 > .kt-inside-inner-col > .aligncenter{width:100%;}.kadence-column_29a6af-f6 > .kt-inside-inner-col:before{opacity:0.3;}.kadence-column_29a6af-f6{position:relative;}@media all and (max-width: 1024px){.kadence-column_29a6af-f6 > .kt-inside-inner-col{flex-direction:column;justify-content:center;}}@media all and (max-width: 767px){.kadence-column_29a6af-f6 > .kt-inside-inner-col{flex-direction:column;justify-content:center;}}<\/style>\n<div class=\"wp-block-kadence-column kadence-column_29a6af-f6 inner-column-1\"><div class=\"kt-inside-inner-col\"><style>.wp-block-kadence-advancedheading.kt-adv-heading_bd8054-0e, .wp-block-kadence-advancedheading.kt-adv-heading_bd8054-0e[data-kb-block=\"kb-adv-heading_bd8054-0e\"]{padding-top:0px;padding-right:0px;padding-bottom:20px;padding-left:0px;margin-top:0px;margin-right:0px;margin-bottom:0px;margin-left:0px;text-align:center;font-style:normal;text-transform:capitalize;}.wp-block-kadence-advancedheading.kt-adv-heading_bd8054-0e mark.kt-highlight, .wp-block-kadence-advancedheading.kt-adv-heading_bd8054-0e[data-kb-block=\"kb-adv-heading_bd8054-0e\"] mark.kt-highlight{font-style:normal;color:#f76a0c;-webkit-box-decoration-break:clone;box-decoration-break:clone;padding-top:0px;padding-right:0px;padding-bottom:0px;padding-left:0px;}.wp-block-kadence-advancedheading.kt-adv-heading_bd8054-0e img.kb-inline-image, .wp-block-kadence-advancedheading.kt-adv-heading_bd8054-0e[data-kb-block=\"kb-adv-heading_bd8054-0e\"] img.kb-inline-image{width:150px;vertical-align:baseline;}<\/style>\n<h1 class=\"kt-adv-heading_bd8054-0e wp-block-kadence-advancedheading has-theme-palette-9-color has-text-color\" data-kb-block=\"kb-adv-heading_bd8054-0e\">T\u00e9rminos y condiciones<\/h1>\n<\/div><\/div>\n\n<\/div><\/div><\/div><\/div>\n\n<\/div><\/div>\n\n<style>.kb-row-layout-id_fb4800-75 > .kt-row-column-wrap{align-content:start;}:where(.kb-row-layout-id_fb4800-75 > .kt-row-column-wrap) > .wp-block-kadence-column{justify-content:start;}.kb-row-layout-id_fb4800-75 > .kt-row-column-wrap{column-gap:var(--global-kb-gap-md, 2rem);row-gap:var(--global-kb-gap-md, 2rem);max-width:1300px;margin-left:auto;margin-right:auto;padding-top:25px;padding-right:30px;padding-bottom:25px;padding-left:30px;grid-template-columns:minmax(0, 1fr);}.kb-row-layout-id_fb4800-75 > .kt-row-layout-overlay{opacity:0.30;}@media all and (max-width: 1024px){.kb-row-layout-id_fb4800-75 > .kt-row-column-wrap{grid-template-columns:minmax(0, 1fr);}}@media all and (max-width: 767px){.kb-row-layout-id_fb4800-75 > .kt-row-column-wrap{grid-template-columns:minmax(0, 1fr);}}<\/style><div class=\"kb-row-layout-wrap kb-row-layout-id_fb4800-75 alignnone wp-block-kadence-rowlayout\"><div class=\"kt-row-column-wrap kt-has-1-columns kt-row-layout-equal kt-tab-layout-inherit kt-mobile-layout-row kt-row-valign-top\">\n<style>.kadence-column_82f55b-3a > .kt-inside-inner-col,.kadence-column_82f55b-3a > .kt-inside-inner-col:before{border-top-left-radius:0px;border-top-right-radius:0px;border-bottom-right-radius:0px;border-bottom-left-radius:0px;}.kadence-column_82f55b-3a > .kt-inside-inner-col{column-gap:var(--global-kb-gap-sm, 1rem);}.kadence-column_82f55b-3a > .kt-inside-inner-col{flex-direction:column;}.kadence-column_82f55b-3a > .kt-inside-inner-col > .aligncenter{width:100%;}.kadence-column_82f55b-3a > .kt-inside-inner-col:before{opacity:0.3;}.kadence-column_82f55b-3a{position:relative;}@media all and (max-width: 1024px){.kadence-column_82f55b-3a > .kt-inside-inner-col{flex-direction:column;justify-content:center;}}@media all and (max-width: 767px){.kadence-column_82f55b-3a > .kt-inside-inner-col{flex-direction:column;justify-content:center;}}<\/style>\n<div class=\"wp-block-kadence-column kadence-column_82f55b-3a inner-column-1\"><div class=\"kt-inside-inner-col\"><nav aria-label=\"breadcrumbs\" class=\"rank-math-breadcrumb\"><p><span class=\"last\">Bernstein &amp; Maryanoff<\/span><\/p><\/nav>\n\n\n\n<h2 class=\"wp-block-heading\">T\u00e9rminos<\/h2>\n\n\n\n<p>Al acceder a este sitio web, usted acepta estar sujeto a estos T\u00e9rminos y condiciones de uso del sitio web, todas las leyes y regulaciones aplicables, y acepta que es responsable del cumplimiento de las leyes locales aplicables. Si no est\u00e1 de acuerdo con alguno de estos t\u00e9rminos, tiene prohibido usar o acceder a este sitio. Los materiales contenidos en este sitio web est\u00e1n protegidos por las leyes de derechos de autor y marcas registradas aplicables.<\/p>\n\n\n\n<h2 class=\"wp-block-heading\">Licencia de uso<\/h2>\n\n\n\n<p>Se otorga permiso para descargar temporalmente una copia de los materiales (informaci\u00f3n o software) en el sitio web de Bernstein &amp; Maryanoff solo para visualizaci\u00f3n transitoria personal y no comercial. Esta es la concesi\u00f3n de una licencia, no una transferencia de t\u00edtulo, y bajo esta licencia, usted no puede: modificar o copiar los materiales; usar los materiales para cualquier prop\u00f3sito comercial o para cualquier exhibici\u00f3n p\u00fablica (comercial o no comercial);<\/p>\n\n\n\n<p>Intentar descompilar o aplicar ingenier\u00eda inversa a cualquier software contenido en el sitio web de Bernstein &amp; Maryanoff; eliminar cualquier derecho de autor u otras anotaciones de propiedad de los materiales; o transferir los materiales a otra persona o &#8220;duplicar&#8221; los materiales en cualquier otro servidor.<\/p>\n\n\n\n<p>Esta licencia terminar\u00e1 autom\u00e1ticamente si viola cualquiera de estas restricciones y Bernstein &amp; Maryanoff puede cancelarla en cualquier momento. Al finalizar la visualizaci\u00f3n de estos materiales o al finalizar esta licencia, debe destruir cualquier material descargado que tenga en su poder, ya sea en formato electr\u00f3nico o impreso.<\/p>\n\n\n\n<h2 class=\"wp-block-heading\">Descargo de responsabilidad<\/h2>\n\n\n\n<p>Los materiales del sitio web de Bernstein &amp; Maryanoff se proporcionan &#8220;tal cual&#8221;. Bernstein &amp; Maryanoff no ofrece garant\u00edas, expresas o impl\u00edcitas, y por la presente renuncia y niega todas las dem\u00e1s garant\u00edas, incluidas, entre otras, garant\u00edas impl\u00edcitas o condiciones de comerciabilidad, idoneidad para un prop\u00f3sito particular o no infracci\u00f3n de propiedad intelectual u otra violaci\u00f3n de derechos. Adem\u00e1s, Bernstein &amp; Maryanoff no garantiza ni hace ninguna representaci\u00f3n con respecto a la precisi\u00f3n, los resultados probables o la confiabilidad del uso de los materiales en su sitio web de Internet o en relaci\u00f3n con dichos materiales o en cualquier sitio vinculado a este sitio.<\/p>\n\n\n\n<p>Ponerse en contacto con nuestra oficina a trav\u00e9s de nuestro sitio web no crea un privilegio de abogado-cliente. No se establece una relaci\u00f3n abogado-cliente a menos que le presentemos nuestra autoridad para representar un acuerdo y una declaraci\u00f3n de los derechos del cliente y ambos est\u00e9n firmados y nos sean devueltos.<\/p>\n\n\n\n<h2 class=\"wp-block-heading\">Limitaciones<\/h2>\n\n\n\n<p>En ning\u00fan caso, Bernstein &amp; Maryanoff o sus proveedores ser\u00e1n responsables de ning\u00fan da\u00f1o (incluidos, entre otros, da\u00f1os por p\u00e9rdida de datos o ganancias, o debido a la interrupci\u00f3n del negocio) que surjan del uso o la imposibilidad de usar los materiales en Bernstein &amp; Maryanoff. sitio de Internet de Maryanoff, incluso si Bernstein &amp; Maryanoff o un representante autorizado de Bernstein &amp; Maryanoff han sido notificados verbalmente o por escrito de la posibilidad de tal da\u00f1o. Debido a que algunas jurisdicciones no permiten limitaciones en las garant\u00edas impl\u00edcitas o limitaciones de responsabilidad por da\u00f1os consecuentes o incidentales, es posible que estas limitaciones no se apliquen a usted.<\/p>\n\n\n\n<h2 class=\"wp-block-heading\">Revisiones y erratas<\/h2>\n\n\n\n<p>Los materiales que aparecen en el sitio web de Bernstein &amp; Maryanoff pueden incluir errores t\u00e9cnicos, tipogr\u00e1ficos o fotogr\u00e1ficos. Bernstein &amp; Maryanoff no garantiza que ninguno de los materiales en su sitio web sea preciso, completo o actual. Bernstein &amp; Maryanoff puede realizar cambios en los materiales contenidos en su sitio web en cualquier momento sin previo aviso. Sin embargo, Bernstein &amp; Maryanoff no se compromete a actualizar los materiales.<\/p>\n\n\n\n<h2 class=\"wp-block-heading\">Enlaces<\/h2>\n\n\n\n<p>Bernstein &amp; Maryanoff no ha revisado todos los sitios vinculados a su sitio web de Internet y no es responsable de los contenidos de dichos sitios vinculados. La inclusi\u00f3n de cualquier enlace no implica aprobaci\u00f3n por parte de Bernstein &amp; Maryanoff del sitio. El uso de cualquier sitio web vinculado es bajo el propio riesgo del usuario.<\/p>\n\n\n\n<h2 class=\"wp-block-heading\">Modificaciones de los t\u00e9rminos de uso del sitio<\/h2>\n\n\n\n<p>Bernstein &amp; Maryanoff puede revisar estos t\u00e9rminos de uso de su sitio web en cualquier momento sin previo aviso. Al usar este sitio web, usted acepta estar sujeto a la versi\u00f3n actual de estos T\u00e9rminos y condiciones de uso.<\/p>\n\n\n\n<h2 class=\"wp-block-heading\">Ley que rige<\/h2>\n\n\n\n<p>Cualquier reclamo relacionado con el sitio web de Bernstein &amp; Maryanoff se regir\u00e1 por las leyes del estado de Florida sin tener en cuenta las disposiciones sobre conflictos de leyes.<\/p>\n<\/div><\/div>\n\n<\/div><\/div>","protected":false},"excerpt":{"rendered":"<p>T\u00e9rminos y condiciones T\u00e9rminos Al acceder a este sitio web, usted acepta estar sujeto a estos T\u00e9rminos y condiciones de uso del sitio web, todas las leyes y regulaciones aplicables, y acepta que es responsable del cumplimiento de las leyes locales aplicables. Si no est\u00e1 de acuerdo con alguno de estos t\u00e9rminos, tiene prohibido usar&#8230;<\/p>\n","protected":false},"author":10,"featured_media":0,"parent":0,"menu_order":0,"comment_status":"closed","ping_status":"open","template":"","meta":{"_acf_changed":false,"_kad_blocks_custom_css":"","_kad_blocks_head_custom_js":"","_kad_blocks_body_custom_js":"","_kad_blocks_footer_custom_js":"","_kadence_starter_templates_imported_post":false,"_kad_post_transparent":"","_kad_post_title":"","_kad_post_layout":"","_kad_post_sidebar_id":"","_kad_post_content_style":"","_kad_post_vertical_padding":"","_kad_post_feature":"","_kad_post_feature_position":"","_kad_post_header":false,"_kad_post_footer":false,"_kad_post_classname":"","footnotes":""},"class_list":["post-16740","page","type-page","status-publish","hentry"],"acf":[],"taxonomy_info":[],"featured_image_src_large":false,"author_info":{"display_name":"arosas","author_link":"https:\/\/www.bernsteinandmaryanoff.com\/es\/author\/arosas\/"},"comment_info":0,"_links":{"self":[{"href":"https:\/\/www.bernsteinandmaryanoff.com\/es\/wp-json\/wp\/v2\/pages\/16740","targetHints":{"allow":["GET"]}}],"collection":[{"href":"https:\/\/www.bernsteinandmaryanoff.com\/es\/wp-json\/wp\/v2\/pages"}],"about":[{"href":"https:\/\/www.bernsteinandmaryanoff.com\/es\/wp-json\/wp\/v2\/types\/page"}],"author":[{"embeddable":true,"href":"https:\/\/www.bernsteinandmaryanoff.com\/es\/wp-json\/wp\/v2\/users\/10"}],"replies":[{"embeddable":true,"href":"https:\/\/www.bernsteinandmaryanoff.com\/es\/wp-json\/wp\/v2\/comments?post=16740"}],"version-history":[{"count":0,"href":"https:\/\/www.bernsteinandmaryanoff.com\/es\/wp-json\/wp\/v2\/pages\/16740\/revisions"}],"wp:attachment":[{"href":"https:\/\/www.bernsteinandmaryanoff.com\/es\/wp-json\/wp\/v2\/media?parent=16740"}],"curies":[{"name":"wp","href":"https:\/\/api.w.org\/{rel}","templated":true}]}}