{"id":16739,"date":"2023-05-01T21:45:04","date_gmt":"2023-05-01T21:45:04","guid":{"rendered":"https:\/\/www.bernsteinandmaryanoff.com\/es\/?page_id=16739"},"modified":"2024-03-28T04:35:59","modified_gmt":"2024-03-28T11:35:59","slug":"disclaimer","status":"publish","type":"page","link":"https:\/\/www.bernsteinandmaryanoff.com\/es\/disclaimer\/","title":{"rendered":"disclaimer"},"content":{"rendered":"<style>.kb-row-layout-id16739_4f2736-b3 > .kt-row-column-wrap{align-content:start;}:where(.kb-row-layout-id16739_4f2736-b3 > .kt-row-column-wrap) > .wp-block-kadence-column{justify-content:start;}.kb-row-layout-id16739_4f2736-b3 > .kt-row-column-wrap{column-gap:var(--global-kb-gap-md, 2rem);row-gap:var(--global-kb-gap-md, 2rem);max-width:var( --global-content-width, 1400px );padding-left:var(--global-content-edge-padding);padding-right:var(--global-content-edge-padding);padding-top:80px;padding-bottom:80px;grid-template-columns:minmax(0, 1fr);}.kb-row-layout-id16739_4f2736-b3 > .kt-row-layout-overlay{opacity:0.15;background-image:url('https:\/\/www.bernsteinandmaryanoff.com\/wp-content\/uploads\/2022\/10\/miami.jpg');background-size:cover;background-position:center center;background-attachment:scroll;background-repeat:no-repeat;mix-blend-mode:normal;}@media all and (max-width: 1024px){.kb-row-layout-id16739_4f2736-b3 > .kt-row-column-wrap{grid-template-columns:minmax(0, 1fr);}}@media all and (max-width: 767px){.kb-row-layout-id16739_4f2736-b3 > .kt-row-column-wrap{padding-right:0px;padding-left:0px;grid-template-columns:minmax(0, 1fr);}}<\/style><div class=\"kb-row-layout-wrap kb-row-layout-id16739_4f2736-b3 alignfull has-theme-palette4-background-color kt-row-has-bg wp-block-kadence-rowlayout\"><div class=\"kt-row-layout-overlay kt-row-overlay-normal\"><\/div><div class=\"kt-row-column-wrap kt-has-1-columns kt-row-layout-equal kt-tab-layout-inherit kt-mobile-layout-row kt-row-valign-top kb-theme-content-width\">\n<style>.kadence-column16739_66c59d-39 > .kt-inside-inner-col,.kadence-column16739_66c59d-39 > .kt-inside-inner-col:before{border-top-left-radius:0px;border-top-right-radius:0px;border-bottom-right-radius:0px;border-bottom-left-radius:0px;}.kadence-column16739_66c59d-39 > .kt-inside-inner-col{column-gap:var(--global-kb-gap-sm, 1rem);}.kadence-column16739_66c59d-39 > .kt-inside-inner-col{flex-direction:column;}.kadence-column16739_66c59d-39 > .kt-inside-inner-col > .aligncenter{width:100%;}.kadence-column16739_66c59d-39 > .kt-inside-inner-col:before{opacity:0.3;}.kadence-column16739_66c59d-39{position:relative;}@media all and (max-width: 1024px){.kadence-column16739_66c59d-39 > .kt-inside-inner-col{flex-direction:column;justify-content:center;}}@media all and (max-width: 767px){.kadence-column16739_66c59d-39 > .kt-inside-inner-col{flex-direction:column;justify-content:center;}}<\/style>\n<div class=\"wp-block-kadence-column kadence-column16739_66c59d-39 inner-column-1\"><div class=\"kt-inside-inner-col\"><style>.kb-row-layout-id16739_762fe6-d3 > .kt-row-column-wrap{align-content:start;}:where(.kb-row-layout-id16739_762fe6-d3 > .kt-row-column-wrap) > .wp-block-kadence-column{justify-content:start;}.kb-row-layout-id16739_762fe6-d3 > .kt-row-column-wrap{column-gap:var(--global-kb-gap-md, 2rem);row-gap:var(--global-kb-gap-md, 2rem);max-width:600px;margin-left:auto;margin-right:auto;padding-top:0px;padding-bottom:0px;grid-template-columns:minmax(0, 1fr);}.kb-row-layout-id16739_762fe6-d3 > .kt-row-layout-overlay{opacity:0.30;}@media all and (max-width: 1024px){.kb-row-layout-id16739_762fe6-d3 > .kt-row-column-wrap{grid-template-columns:minmax(0, 1fr);}}@media all and (max-width: 767px){.kb-row-layout-id16739_762fe6-d3 > .kt-row-column-wrap{grid-template-columns:minmax(0, 1fr);}}<\/style><div class=\"kb-row-layout-wrap kb-row-layout-id16739_762fe6-d3 alignnone wp-block-kadence-rowlayout\"><div class=\"kt-row-column-wrap kt-has-1-columns kt-row-layout-equal kt-tab-layout-inherit kt-mobile-layout-row kt-row-valign-top\">\n<style>.kadence-column16739_a46446-d5 > .kt-inside-inner-col,.kadence-column16739_a46446-d5 > .kt-inside-inner-col:before{border-top-left-radius:0px;border-top-right-radius:0px;border-bottom-right-radius:0px;border-bottom-left-radius:0px;}.kadence-column16739_a46446-d5 > .kt-inside-inner-col{column-gap:var(--global-kb-gap-sm, 1rem);}.kadence-column16739_a46446-d5 > .kt-inside-inner-col{flex-direction:column;}.kadence-column16739_a46446-d5 > .kt-inside-inner-col > .aligncenter{width:100%;}.kadence-column16739_a46446-d5 > .kt-inside-inner-col:before{opacity:0.3;}.kadence-column16739_a46446-d5{position:relative;}@media all and (max-width: 1024px){.kadence-column16739_a46446-d5 > .kt-inside-inner-col{flex-direction:column;justify-content:center;}}@media all and (max-width: 767px){.kadence-column16739_a46446-d5 > .kt-inside-inner-col{flex-direction:column;justify-content:center;}}<\/style>\n<div class=\"wp-block-kadence-column kadence-column16739_a46446-d5 inner-column-1\"><div class=\"kt-inside-inner-col\"><style>.wp-block-kadence-advancedheading.kt-adv-heading16739_0ab8fb-67, .wp-block-kadence-advancedheading.kt-adv-heading16739_0ab8fb-67[data-kb-block=\"kb-adv-heading16739_0ab8fb-67\"]{padding-top:0px;padding-right:0px;padding-bottom:20px;padding-left:0px;margin-top:0px;margin-right:0px;margin-bottom:0px;margin-left:0px;text-align:center;font-style:normal;text-transform:uppercase;}.wp-block-kadence-advancedheading.kt-adv-heading16739_0ab8fb-67 mark.kt-highlight, .wp-block-kadence-advancedheading.kt-adv-heading16739_0ab8fb-67[data-kb-block=\"kb-adv-heading16739_0ab8fb-67\"] mark.kt-highlight{font-style:normal;color:#f76a0c;-webkit-box-decoration-break:clone;box-decoration-break:clone;padding-top:0px;padding-right:0px;padding-bottom:0px;padding-left:0px;}.wp-block-kadence-advancedheading.kt-adv-heading16739_0ab8fb-67 img.kb-inline-image, .wp-block-kadence-advancedheading.kt-adv-heading16739_0ab8fb-67[data-kb-block=\"kb-adv-heading16739_0ab8fb-67\"] img.kb-inline-image{width:150px;vertical-align:baseline;}<\/style>\n<h1 class=\"kt-adv-heading16739_0ab8fb-67 wp-block-kadence-advancedheading has-theme-palette-9-color has-text-color\" data-kb-block=\"kb-adv-heading16739_0ab8fb-67\">Disclaimer<\/h1>\n<\/div><\/div>\n\n<\/div><\/div><\/div><\/div>\n\n<\/div><\/div>\n\n<style>.kb-row-layout-id16739_0c2bea-7b > .kt-row-column-wrap{align-content:start;}:where(.kb-row-layout-id16739_0c2bea-7b > .kt-row-column-wrap) > .wp-block-kadence-column{justify-content:start;}.kb-row-layout-id16739_0c2bea-7b > .kt-row-column-wrap{column-gap:var(--global-kb-gap-md, 2rem);row-gap:var(--global-kb-gap-md, 2rem);max-width:1300px;margin-left:auto;margin-right:auto;padding-top:25px;padding-right:30px;padding-bottom:60px;padding-left:30px;grid-template-columns:minmax(0, 1fr);}.kb-row-layout-id16739_0c2bea-7b > .kt-row-layout-overlay{opacity:0.30;}@media all and (max-width: 1024px){.kb-row-layout-id16739_0c2bea-7b > .kt-row-column-wrap{grid-template-columns:minmax(0, 1fr);}}@media all and (max-width: 767px){.kb-row-layout-id16739_0c2bea-7b > .kt-row-column-wrap{grid-template-columns:minmax(0, 1fr);}}<\/style><div class=\"kb-row-layout-wrap kb-row-layout-id16739_0c2bea-7b alignnone wp-block-kadence-rowlayout\"><div class=\"kt-row-column-wrap kt-has-1-columns kt-row-layout-equal kt-tab-layout-inherit kt-mobile-layout-row kt-row-valign-top\">\n<style>.kadence-column16739_592e59-6b > .kt-inside-inner-col,.kadence-column16739_592e59-6b > .kt-inside-inner-col:before{border-top-left-radius:0px;border-top-right-radius:0px;border-bottom-right-radius:0px;border-bottom-left-radius:0px;}.kadence-column16739_592e59-6b > .kt-inside-inner-col{column-gap:var(--global-kb-gap-sm, 1rem);}.kadence-column16739_592e59-6b > .kt-inside-inner-col{flex-direction:column;}.kadence-column16739_592e59-6b > .kt-inside-inner-col > .aligncenter{width:100%;}.kadence-column16739_592e59-6b > .kt-inside-inner-col:before{opacity:0.3;}.kadence-column16739_592e59-6b{position:relative;}@media all and (max-width: 1024px){.kadence-column16739_592e59-6b > .kt-inside-inner-col{flex-direction:column;justify-content:center;}}@media all and (max-width: 767px){.kadence-column16739_592e59-6b > .kt-inside-inner-col{flex-direction:column;justify-content:center;}}<\/style>\n<div class=\"wp-block-kadence-column kadence-column16739_592e59-6b inner-column-1\"><div class=\"kt-inside-inner-col\"><nav aria-label=\"breadcrumbs\" class=\"rank-math-breadcrumb\"><p><span class=\"last\">Bernstein &amp; Maryanoff<\/span><\/p><\/nav>\n\n\n\n<p>Agradecemos el hecho de que haya decidido visitar nuestro sitio web. Hemos trabajado arduamente y continuaremos haci\u00e9ndolo para brindarle informaci\u00f3n relevante sobre diferentes temas relacionados con lesiones en Florida. Debe tener en cuenta que esta informaci\u00f3n, aunque \u00fatil, es solo eso: informaci\u00f3n general. No pretende servir como asesoramiento legal. La \u00fanica forma en que brindamos asesoramiento legal es cuando consultamos con nuestros clientes, y la \u00fanica forma en que alguien puede convertirse en cliente de Bernstein &amp; Maryanoff es firmar toda la documentaci\u00f3n necesaria, incluido el acuerdo de honorarios de contingencia.<\/p>\n\n\n\n<p>No dude en enviar una consulta a nuestra firma a trav\u00e9s de cualquiera de los formularios que aparecen en este sitio web. Durante m\u00e1s de 36 a\u00f1os, el equipo de Bernstein &amp; Maryanoff ha trabajado diligentemente para responder a todas las consultas v\u00e1lidas, independientemente de c\u00f3mo hayan llegado a nuestra oficina. Sin embargo, no estamos obligados a responder a ninguna consulta; en cambio, ofrecemos este servicio gratuito para que las personas que potencialmente se conviertan en clientes puedan hacer preguntas iniciales sobre sus situaciones y tal vez programar una consulta inicial gratuita con uno de nuestros abogados de lesiones en Florida. Si nos env\u00eda una consulta relacionada con un \u00e1rea del derecho que no practicamos, podemos derivar su consulta a un abogado que s\u00ed se enfoca en esos casos. Tambi\u00e9n es posible que no respondamos en absoluto.<\/p>\n\n\n\n<p>Una vez m\u00e1s, todas las consultas iniciales con Bernstein &amp; Maryanoff son gratuitas. Sin embargo, simplemente programar esa consulta inicial gratuita y\/o completar esa consulta inicial gratuita no constituye la formaci\u00f3n de una relaci\u00f3n abogado-cliente. Esa relaci\u00f3n solo comienza cuando una persona y un abogado de nuestro bufete de abogados firman un acuerdo de retenci\u00f3n. En ese momento, se ha formado la relaci\u00f3n abogado-cliente.<\/p>\n\n\n\n<p>Si decidimos no aceptar su caso, Bernstein &amp; Maryanoff le aconseja que se comunique de inmediato con otro abogado. El estatuto de limitaciones puede aplicarse a su situaci\u00f3n, y una vez que ese estatuto de limitaciones haya expirado, la ley le impedir\u00e1 presentar su reclamo para siempre, independientemente de los hechos o circunstancias que lo rodeen.<\/p>\n\n\n\n<p>Los profesionales de Bernstein &amp; Maryanoff son abogados especializados en lesiones de Florida y, aunque algunos de nuestros abogados tienen licencia para ejercer en tribunales de diferentes partes de los Estados Unidos, no tenemos licencia para ejercer en todas las jurisdicciones. Si visita nuestro sitio web desde una jurisdicci\u00f3n en la que no tenemos licencia para ejercer la abogac\u00eda, por la presente reconoce que esta visita fue meramente coincidente y no intencional.<\/p>\n\n\n<style>.wp-block-kadence-advancedheading.kt-adv-heading16739_8f1e6c-de, .wp-block-kadence-advancedheading.kt-adv-heading16739_8f1e6c-de[data-kb-block=\"kb-adv-heading16739_8f1e6c-de\"]{font-style:normal;}.wp-block-kadence-advancedheading.kt-adv-heading16739_8f1e6c-de mark.kt-highlight, .wp-block-kadence-advancedheading.kt-adv-heading16739_8f1e6c-de[data-kb-block=\"kb-adv-heading16739_8f1e6c-de\"] mark.kt-highlight{font-style:normal;color:#f76a0c;-webkit-box-decoration-break:clone;box-decoration-break:clone;padding-top:0px;padding-right:0px;padding-bottom:0px;padding-left:0px;}.wp-block-kadence-advancedheading.kt-adv-heading16739_8f1e6c-de img.kb-inline-image, .wp-block-kadence-advancedheading.kt-adv-heading16739_8f1e6c-de[data-kb-block=\"kb-adv-heading16739_8f1e6c-de\"] img.kb-inline-image{width:150px;vertical-align:baseline;}<\/style>\n<h2 class=\"kt-adv-heading16739_8f1e6c-de wp-block-kadence-advancedheading\" data-kb-block=\"kb-adv-heading16739_8f1e6c-de\">Descargos de responsabilidad del contenido del sitio web<\/h2>\n\n\n\n<p>Bernstein &amp; Maryanoff continuar\u00e1 haciendo todo lo posible para mantener actualizado este sitio web en t\u00e9rminos de la informaci\u00f3n proporcionada, aunque la firma no garantiza que todo lo que se encuentra en estas p\u00e1ginas estar\u00e1 completamente actualizado a medida que las leyes de Florida contin\u00faan cambiando. No est\u00e1 autorizado a copiar ning\u00fan contenido de nuestro sitio web sin obtener primero un permiso claro y por escrito para hacerlo. Puede solicitar este permiso a trav\u00e9s de nuestro formulario de consulta, o puede llamar a nuestra oficina. El simple hecho de citar el sitio web de Bernstein &amp; Maryanoff no se considerar\u00e1 como un permiso suficiente para usar nuestro contenido.<\/p>\n\n\n\n<p>Nuestro bufete de abogados se vincular\u00e1 a otros sitios web que pueden proporcionar informaci\u00f3n relevante y \u00fatil para quienes visitan el nuestro. De ninguna manera afirmamos tener ning\u00fan control sobre el contenido que aparece en esos sitios web ni hacemos ninguna representaci\u00f3n con respecto a la precisi\u00f3n de la informaci\u00f3n que aparece en cualquiera de ellos en cualquier momento o por cualquier motivo.<\/p>\n\n\n<style>.wp-block-kadence-advancedheading.kt-adv-heading16739_f02b44-c0, .wp-block-kadence-advancedheading.kt-adv-heading16739_f02b44-c0[data-kb-block=\"kb-adv-heading16739_f02b44-c0\"]{font-style:normal;}.wp-block-kadence-advancedheading.kt-adv-heading16739_f02b44-c0 mark.kt-highlight, .wp-block-kadence-advancedheading.kt-adv-heading16739_f02b44-c0[data-kb-block=\"kb-adv-heading16739_f02b44-c0\"] mark.kt-highlight{font-style:normal;color:#f76a0c;-webkit-box-decoration-break:clone;box-decoration-break:clone;padding-top:0px;padding-right:0px;padding-bottom:0px;padding-left:0px;}.wp-block-kadence-advancedheading.kt-adv-heading16739_f02b44-c0 img.kb-inline-image, .wp-block-kadence-advancedheading.kt-adv-heading16739_f02b44-c0[data-kb-block=\"kb-adv-heading16739_f02b44-c0\"] img.kb-inline-image{width:150px;vertical-align:baseline;}<\/style>\n<h2 class=\"kt-adv-heading16739_f02b44-c0 wp-block-kadence-advancedheading\" data-kb-block=\"kb-adv-heading16739_f02b44-c0\">Solicitudes de proveedores<\/h2>\n\n\n\n<p>Los abogados especializados en lesiones de Florida de Bernstein &amp; Maryanoff han construido la reputaci\u00f3n de la firma durante 36 a\u00f1os centr\u00e1ndose incansablemente en las necesidades de nuestros clientes. No tenemos ni el tiempo ni el inter\u00e9s de hablar con los proveedores sobre la generaci\u00f3n de clientes potenciales, la colocaci\u00f3n en motores de b\u00fasqueda o la publicidad en l\u00ednea o cualquier otro esfuerzo de promoci\u00f3n. Como tal, es pol\u00edtica de este bufete de abogados no aceptar llamadas telef\u00f3nicas o correos electr\u00f3nicos de nadie que solicite estos servicios.<\/p>\n\n\n\n<p>Si una empresa de publicidad o una empresa de marketing, o sus empleados o personas designadas, se comunican con nuestra oficina sin nuestro permiso expreso por escrito antes de ese contacto inicial, por la presente aceptan pagar a Bernstein &amp; Maryanoff $ 5,000.00 por correo electr\u00f3nico o llamada telef\u00f3nica como tarifa por el tiempo de la empresa en revisar y\/o responder a ese contacto inicial. El pago se proporcionar\u00e1 a la empresa dentro de los 30 d\u00edas posteriores al correo electr\u00f3nico y\/o llamada telef\u00f3nica inicial. La tarifa por cada correo electr\u00f3nico o llamada telef\u00f3nica subsiguiente ser\u00e1 de $10,000.00.<\/p>\n\n\n<style>.wp-block-kadence-advancedheading.kt-adv-heading16739_2bd0b8-f2, .wp-block-kadence-advancedheading.kt-adv-heading16739_2bd0b8-f2[data-kb-block=\"kb-adv-heading16739_2bd0b8-f2\"]{font-style:normal;}.wp-block-kadence-advancedheading.kt-adv-heading16739_2bd0b8-f2 mark.kt-highlight, .wp-block-kadence-advancedheading.kt-adv-heading16739_2bd0b8-f2[data-kb-block=\"kb-adv-heading16739_2bd0b8-f2\"] mark.kt-highlight{font-style:normal;color:#f76a0c;-webkit-box-decoration-break:clone;box-decoration-break:clone;padding-top:0px;padding-right:0px;padding-bottom:0px;padding-left:0px;}.wp-block-kadence-advancedheading.kt-adv-heading16739_2bd0b8-f2 img.kb-inline-image, .wp-block-kadence-advancedheading.kt-adv-heading16739_2bd0b8-f2[data-kb-block=\"kb-adv-heading16739_2bd0b8-f2\"] img.kb-inline-image{width:150px;vertical-align:baseline;}<\/style>\n<h2 class=\"kt-adv-heading16739_2bd0b8-f2 wp-block-kadence-advancedheading\" data-kb-block=\"kb-adv-heading16739_2bd0b8-f2\">Ley que rige<\/h2>\n\n\n\n<p>Cualquier disputa o acci\u00f3n que surja del uso de este sitio web se regir\u00e1 y de conformidad con las leyes del estado de Florida. Estas acciones estar\u00e1n sujetas a la jurisdicci\u00f3n exclusiva de los tribunales estatales en Miami, Florida. Sin embargo, si no se permite la jurisdicci\u00f3n en estos tribunales estatales debido a los detalles relacionados con una acci\u00f3n en particular, entonces el tribunal federal en Miami, Florida, ser\u00e1 el lugar para dicha acci\u00f3n.<\/p>\n<\/div><\/div>\n\n<\/div><\/div>","protected":false},"excerpt":{"rendered":"<p>Disclaimer Agradecemos el hecho de que haya decidido visitar nuestro sitio web. Hemos trabajado arduamente y continuaremos haci\u00e9ndolo para brindarle informaci\u00f3n relevante sobre diferentes temas relacionados con lesiones en Florida. Debe tener en cuenta que esta informaci\u00f3n, aunque \u00fatil, es solo eso: informaci\u00f3n general. No pretende servir como asesoramiento legal. La \u00fanica forma en que&#8230;<\/p>\n","protected":false},"author":10,"featured_media":0,"parent":0,"menu_order":0,"comment_status":"closed","ping_status":"open","template":"","meta":{"_acf_changed":false,"_kad_blocks_custom_css":"","_kad_blocks_head_custom_js":"","_kad_blocks_body_custom_js":"","_kad_blocks_footer_custom_js":"","_kadence_starter_templates_imported_post":false,"_kad_post_transparent":"","_kad_post_title":"","_kad_post_layout":"","_kad_post_sidebar_id":"","_kad_post_content_style":"","_kad_post_vertical_padding":"","_kad_post_feature":"","_kad_post_feature_position":"","_kad_post_header":false,"_kad_post_footer":false,"_kad_post_classname":"","footnotes":""},"class_list":["post-16739","page","type-page","status-publish","hentry"],"acf":[],"taxonomy_info":[],"featured_image_src_large":false,"author_info":{"display_name":"arosas","author_link":"https:\/\/www.bernsteinandmaryanoff.com\/es\/author\/arosas\/"},"comment_info":0,"_links":{"self":[{"href":"https:\/\/www.bernsteinandmaryanoff.com\/es\/wp-json\/wp\/v2\/pages\/16739","targetHints":{"allow":["GET"]}}],"collection":[{"href":"https:\/\/www.bernsteinandmaryanoff.com\/es\/wp-json\/wp\/v2\/pages"}],"about":[{"href":"https:\/\/www.bernsteinandmaryanoff.com\/es\/wp-json\/wp\/v2\/types\/page"}],"author":[{"embeddable":true,"href":"https:\/\/www.bernsteinandmaryanoff.com\/es\/wp-json\/wp\/v2\/users\/10"}],"replies":[{"embeddable":true,"href":"https:\/\/www.bernsteinandmaryanoff.com\/es\/wp-json\/wp\/v2\/comments?post=16739"}],"version-history":[{"count":0,"href":"https:\/\/www.bernsteinandmaryanoff.com\/es\/wp-json\/wp\/v2\/pages\/16739\/revisions"}],"wp:attachment":[{"href":"https:\/\/www.bernsteinandmaryanoff.com\/es\/wp-json\/wp\/v2\/media?parent=16739"}],"curies":[{"name":"wp","href":"https:\/\/api.w.org\/{rel}","templated":true}]}}