{"id":16471,"date":"2022-11-08T15:57:53","date_gmt":"2022-11-08T23:57:53","guid":{"rendered":"https:\/\/www.bernsteinandmaryanoff.com\/?page_id=16471"},"modified":"2024-03-28T06:42:16","modified_gmt":"2024-03-28T13:42:16","slug":"seguridad-negligente-miami","status":"publish","type":"page","link":"https:\/\/www.bernsteinandmaryanoff.com\/es\/areas-de-practica\/seguridad-negligente-miami\/","title":{"rendered":"Abogados de seguridad negligente en Miami"},"content":{"rendered":"<style>.kb-row-layout-id16471_ee7d34-2c > .kt-row-column-wrap{align-content:center;}:where(.kb-row-layout-id16471_ee7d34-2c > .kt-row-column-wrap) > .wp-block-kadence-column{justify-content:center;}.kb-row-layout-id16471_ee7d34-2c > .kt-row-column-wrap{column-gap:var(--global-kb-gap-md, 2rem);row-gap:var(--global-kb-gap-md, 2rem);max-width:1300px;margin-left:auto;margin-right:auto;padding-top:60px;padding-bottom:60px;grid-template-columns:minmax(0, 1fr);}.kb-row-layout-id16471_ee7d34-2c{background-image:url('https:\/\/www.bernsteinandmaryanoff.com\/es\/wp-content\/uploads\/sites\/6\/2022\/11\/image-14.png');background-size:cover;background-position:center center;background-attachment:scroll;background-repeat:no-repeat;}.kb-row-layout-id16471_ee7d34-2c > .kt-row-layout-overlay{opacity:0.30;}@media all and (max-width: 1024px){.kb-row-layout-id16471_ee7d34-2c > .kt-row-column-wrap{grid-template-columns:minmax(0, 1fr);}}@media all and (max-width: 767px){.kb-row-layout-id16471_ee7d34-2c > .kt-row-column-wrap{grid-template-columns:minmax(0, 1fr);}}<\/style><div class=\"kb-row-layout-wrap kb-row-layout-id16471_ee7d34-2c alignfull kt-row-has-bg wp-block-kadence-rowlayout\"><div class=\"kt-row-column-wrap kt-has-1-columns kt-row-layout-equal kt-tab-layout-inherit kt-mobile-layout-row kt-row-valign-middle\">\n<style>.kadence-column16471_8e35d3-c8 > .kt-inside-inner-col,.kadence-column16471_8e35d3-c8 > .kt-inside-inner-col:before{border-top-left-radius:0px;border-top-right-radius:0px;border-bottom-right-radius:0px;border-bottom-left-radius:0px;}.kadence-column16471_8e35d3-c8 > .kt-inside-inner-col{column-gap:var(--global-kb-gap-sm, 1rem);}.kadence-column16471_8e35d3-c8 > .kt-inside-inner-col{flex-direction:column;}.kadence-column16471_8e35d3-c8 > .kt-inside-inner-col > .aligncenter{width:100%;}.kadence-column16471_8e35d3-c8 > .kt-inside-inner-col:before{opacity:0.3;}.kadence-column16471_8e35d3-c8{position:relative;}@media all and (max-width: 1024px){.kadence-column16471_8e35d3-c8 > .kt-inside-inner-col{flex-direction:column;justify-content:center;}}@media all and (max-width: 767px){.kadence-column16471_8e35d3-c8 > .kt-inside-inner-col{flex-direction:column;justify-content:center;}}<\/style>\n<div class=\"wp-block-kadence-column kadence-column16471_8e35d3-c8 inner-column-1\"><div class=\"kt-inside-inner-col\"><style>.wp-block-kadence-advancedheading.kt-adv-heading16471_5809ab-ac, .wp-block-kadence-advancedheading.kt-adv-heading16471_5809ab-ac[data-kb-block=\"kb-adv-heading16471_5809ab-ac\"]{font-style:normal;}.wp-block-kadence-advancedheading.kt-adv-heading16471_5809ab-ac mark.kt-highlight, .wp-block-kadence-advancedheading.kt-adv-heading16471_5809ab-ac[data-kb-block=\"kb-adv-heading16471_5809ab-ac\"] mark.kt-highlight{font-style:normal;color:#f76a0c;-webkit-box-decoration-break:clone;box-decoration-break:clone;padding-top:0px;padding-right:0px;padding-bottom:0px;padding-left:0px;}.wp-block-kadence-advancedheading.kt-adv-heading16471_5809ab-ac img.kb-inline-image, .wp-block-kadence-advancedheading.kt-adv-heading16471_5809ab-ac[data-kb-block=\"kb-adv-heading16471_5809ab-ac\"] img.kb-inline-image{width:150px;vertical-align:baseline;}<\/style>\n<h1 class=\"kt-adv-heading16471_5809ab-ac wp-block-kadence-advancedheading\" data-kb-block=\"kb-adv-heading16471_5809ab-ac\">Abogados de seguridad negligente en Miami<\/h1>\n\n\n<style>.wp-block-kadence-advancedheading.kt-adv-heading16471_7a54b0-e0, .wp-block-kadence-advancedheading.kt-adv-heading16471_7a54b0-e0[data-kb-block=\"kb-adv-heading16471_7a54b0-e0\"]{font-style:normal;}.wp-block-kadence-advancedheading.kt-adv-heading16471_7a54b0-e0 mark.kt-highlight, .wp-block-kadence-advancedheading.kt-adv-heading16471_7a54b0-e0[data-kb-block=\"kb-adv-heading16471_7a54b0-e0\"] mark.kt-highlight{font-style:normal;color:#f76a0c;-webkit-box-decoration-break:clone;box-decoration-break:clone;padding-top:0px;padding-right:0px;padding-bottom:0px;padding-left:0px;}.wp-block-kadence-advancedheading.kt-adv-heading16471_7a54b0-e0 img.kb-inline-image, .wp-block-kadence-advancedheading.kt-adv-heading16471_7a54b0-e0[data-kb-block=\"kb-adv-heading16471_7a54b0-e0\"] img.kb-inline-image{width:150px;vertical-align:baseline;}<\/style>\n<h4 class=\"kt-adv-heading16471_7a54b0-e0 wp-block-kadence-advancedheading has-theme-palette-1-color has-text-color\" data-kb-block=\"kb-adv-heading16471_7a54b0-e0\">PROTEGIENDO SUS DERECHOS DESDE 1983<\/h4>\n\n\n<style>.wp-block-kadence-advancedheading.kt-adv-heading16471_9d3421-c2, .wp-block-kadence-advancedheading.kt-adv-heading16471_9d3421-c2[data-kb-block=\"kb-adv-heading16471_9d3421-c2\"]{font-style:normal;}.wp-block-kadence-advancedheading.kt-adv-heading16471_9d3421-c2 mark.kt-highlight, .wp-block-kadence-advancedheading.kt-adv-heading16471_9d3421-c2[data-kb-block=\"kb-adv-heading16471_9d3421-c2\"] mark.kt-highlight{font-style:normal;color:#f76a0c;-webkit-box-decoration-break:clone;box-decoration-break:clone;padding-top:0px;padding-right:0px;padding-bottom:0px;padding-left:0px;}.wp-block-kadence-advancedheading.kt-adv-heading16471_9d3421-c2 img.kb-inline-image, .wp-block-kadence-advancedheading.kt-adv-heading16471_9d3421-c2[data-kb-block=\"kb-adv-heading16471_9d3421-c2\"] img.kb-inline-image{width:150px;vertical-align:baseline;}<\/style>\n<p class=\"kt-adv-heading16471_9d3421-c2 wp-block-kadence-advancedheading has-theme-palette-3-color has-text-color\" data-kb-block=\"kb-adv-heading16471_9d3421-c2\">Los abogados de seguridad negligente de Bernstein &amp; Maryanoff tienen la pericia y la experiencia necesarias para obtener la m\u00e1xima compensaci\u00f3n por sus lesiones.<\/p>\n<\/div><\/div>\n\n<\/div><\/div>\n\n<style>.kb-row-layout-id16471_32cc37-40 > .kt-row-column-wrap{align-content:start;}:where(.kb-row-layout-id16471_32cc37-40 > .kt-row-column-wrap) > .wp-block-kadence-column{justify-content:start;}.kb-row-layout-id16471_32cc37-40 > .kt-row-column-wrap{column-gap:var(--global-kb-gap-md, 2rem);row-gap:var(--global-kb-gap-md, 2rem);padding-top:25px;padding-right:25px;padding-bottom:25px;padding-left:25px;grid-template-columns:minmax(0, 1fr);}.kb-row-layout-id16471_32cc37-40 > .kt-row-layout-overlay{opacity:0.30;}@media all and (max-width: 1024px){.kb-row-layout-id16471_32cc37-40 > .kt-row-column-wrap{grid-template-columns:minmax(0, 1fr);}}@media all and (max-width: 767px){.kb-row-layout-id16471_32cc37-40 > .kt-row-column-wrap{grid-template-columns:minmax(0, 1fr);}}<\/style><div class=\"kb-row-layout-wrap kb-row-layout-id16471_32cc37-40 alignnone wp-block-kadence-rowlayout\"><div class=\"kt-row-column-wrap kt-has-1-columns kt-row-layout-equal kt-tab-layout-inherit kt-mobile-layout-row kt-row-valign-top\">\n<style>.kadence-column16471_0c6efb-e0 > .kt-inside-inner-col,.kadence-column16471_0c6efb-e0 > .kt-inside-inner-col:before{border-top-left-radius:0px;border-top-right-radius:0px;border-bottom-right-radius:0px;border-bottom-left-radius:0px;}.kadence-column16471_0c6efb-e0 > .kt-inside-inner-col{column-gap:var(--global-kb-gap-sm, 1rem);}.kadence-column16471_0c6efb-e0 > .kt-inside-inner-col{flex-direction:column;}.kadence-column16471_0c6efb-e0 > .kt-inside-inner-col > .aligncenter{width:100%;}.kadence-column16471_0c6efb-e0 > .kt-inside-inner-col:before{opacity:0.3;}.kadence-column16471_0c6efb-e0{position:relative;}.kadence-column16471_0c6efb-e0, .kt-inside-inner-col > .kadence-column16471_0c6efb-e0:not(.specificity){margin-bottom:60px;}@media all and (max-width: 1024px){.kadence-column16471_0c6efb-e0 > .kt-inside-inner-col{flex-direction:column;justify-content:center;}}@media all and (max-width: 767px){.kadence-column16471_0c6efb-e0 > .kt-inside-inner-col{flex-direction:column;justify-content:center;}}<\/style>\n<div class=\"wp-block-kadence-column kadence-column16471_0c6efb-e0 inner-column-1\"><div class=\"kt-inside-inner-col\"><nav aria-label=\"breadcrumbs\" class=\"rank-math-breadcrumb\"><p><span class=\"last\">Bernstein &amp; Maryanoff<\/span><\/p><\/nav>\n\n\n\n<h2 class=\"wp-block-heading has-theme-palette-1-color has-text-color\">Abogados de seguridad negligente de Miami<\/h2>\n\n\n\n<p class=\"has-theme-palette-3-color has-text-color\">En algunas situaciones, el propietario de una tienda, centro comercial u otra propiedad tiene el deber de proteger a los hu\u00e9spedes de actos delictivos previsibles. Los actos delictivos pueden incluir robos, tiroteos, asaltos, arrebatos de bolsos, violaciones u otros incidentes que causen lesiones emocionales, lesiones f\u00edsicas o la muerte de una persona en las instalaciones.<\/p>\n\n\n<style>.kb-table-of-content-nav.kb-table-of-content-id16471_e79c06-18 .kb-table-of-content-wrap{padding-top:0px;padding-right:20px;padding-bottom:0px;padding-left:20px;}.kb-table-of-content-nav.kb-table-of-content-id16471_e79c06-18 .kb-table-of-contents-title-wrap{padding-top:0px;padding-right:0px;padding-bottom:0px;padding-left:0px;}.kb-table-of-content-nav.kb-table-of-content-id16471_e79c06-18 .kb-table-of-contents-title{font-weight:regular;font-style:normal;}.kb-table-of-content-nav.kb-table-of-content-id16471_e79c06-18 .kb-table-of-content-wrap .kb-table-of-content-list{color:var(--global-palette1, #3182CE);font-weight:regular;font-style:normal;margin-top:var(--global-kb-spacing-sm, 1.5rem);margin-right:0px;margin-bottom:0px;margin-left:0px;}.kb-table-of-content-nav.kb-table-of-content-id16471_e79c06-18 .kb-table-of-content-wrap .kb-table-of-content-list .kb-table-of-contents__entry:hover{color:var(--global-palette2, #2B6CB0);}<\/style>\n\n<style>.kb-row-layout-id16695_a80a64-d8 > .kt-row-column-wrap{align-content:start;}:where(.kb-row-layout-id16695_a80a64-d8 > .kt-row-column-wrap) > .wp-block-kadence-column{justify-content:start;}.kb-row-layout-id16695_a80a64-d8 > .kt-row-column-wrap{column-gap:var(--global-kb-gap-md, 2rem);row-gap:var(--global-kb-gap-md, 2rem);max-width:var( --global-content-width, 1400px );padding-left:var(--global-content-edge-padding);padding-right:var(--global-content-edge-padding);padding-top:45px;padding-bottom:45px;grid-template-columns:minmax(0, 1fr);}.kb-row-layout-id16695_a80a64-d8 > .kt-row-layout-overlay{opacity:0.30;}@media all and (max-width: 1024px){.kb-row-layout-id16695_a80a64-d8 > .kt-row-column-wrap{grid-template-columns:minmax(0, 1fr);}}@media all and (max-width: 767px){.kb-row-layout-id16695_a80a64-d8 > .kt-row-column-wrap{grid-template-columns:minmax(0, 1fr);}}<\/style><div class=\"kb-row-layout-wrap kb-row-layout-id16695_a80a64-d8 alignfull has-theme-palette7-background-color kt-row-has-bg wp-block-kadence-rowlayout\"><div class=\"kt-row-column-wrap kt-has-1-columns kt-row-layout-equal kt-tab-layout-inherit kt-mobile-layout-row kt-row-valign-top kb-theme-content-width\">\n<style>.kadence-column16695_861d89-8f > .kt-inside-inner-col,.kadence-column16695_861d89-8f > .kt-inside-inner-col:before{border-top-left-radius:0px;border-top-right-radius:0px;border-bottom-right-radius:0px;border-bottom-left-radius:0px;}.kadence-column16695_861d89-8f > .kt-inside-inner-col{column-gap:var(--global-kb-gap-sm, 1rem);}.kadence-column16695_861d89-8f > .kt-inside-inner-col{flex-direction:column;}.kadence-column16695_861d89-8f > .kt-inside-inner-col > .aligncenter{width:100%;}.kadence-column16695_861d89-8f > .kt-inside-inner-col:before{opacity:0.3;}.kadence-column16695_861d89-8f{position:relative;}@media all and (max-width: 1024px){.kadence-column16695_861d89-8f > .kt-inside-inner-col{flex-direction:column;justify-content:center;}}@media all and (max-width: 767px){.kadence-column16695_861d89-8f > .kt-inside-inner-col{flex-direction:column;justify-content:center;}}<\/style>\n<div class=\"wp-block-kadence-column kadence-column16695_861d89-8f inner-column-1\"><div class=\"kt-inside-inner-col\">\n<div class=\"wp-block-cb-carousel logos-slider\" data-slick=\"{&quot;slidesToShow&quot;:4,&quot;slidesToScroll&quot;:1,&quot;speed&quot;:300,&quot;arrows&quot;:false,&quot;dots&quot;:false,&quot;autoplay&quot;:true,&quot;autoplaySpeed&quot;:3000,&quot;infinite&quot;:true,&quot;responsive&quot;:[{&quot;breakpoint&quot;:769,&quot;settings&quot;:{&quot;slidesToShow&quot;:1,&quot;slidesToScroll&quot;:1}}]}\">\n<div class=\"wp-block-cb-slide\"><div class=\"wp-block-image\">\n<figure class=\"aligncenter size-full\"><img decoding=\"async\" src=\"https:\/\/www.bernsteinandmaryanoff.com\/wp-content\/uploads\/2023\/01\/aba-logo.png\" alt=\"\" class=\"wp-image-16635\" title=\"\"><\/figure>\n<\/div><\/div>\n\n\n\n<div class=\"wp-block-cb-slide\"><div class=\"wp-block-image\">\n<figure class=\"aligncenter size-full\"><img decoding=\"async\" src=\"https:\/\/www.bernsteinandmaryanoff.com\/wp-content\/uploads\/2023\/01\/bcba-logo.png\" alt=\"\" class=\"wp-image-16636\" title=\"\"><\/figure>\n<\/div><\/div>\n\n\n\n<div class=\"wp-block-cb-slide\"><div class=\"wp-block-image\">\n<figure class=\"aligncenter size-full\"><img decoding=\"async\" src=\"https:\/\/www.bernsteinandmaryanoff.com\/wp-content\/uploads\/2023\/01\/caba-logo-color.png\" alt=\"\" class=\"wp-image-16639\" title=\"\"><\/figure>\n<\/div><\/div>\n\n\n\n<div class=\"wp-block-cb-slide\"><div class=\"wp-block-image\">\n<figure class=\"aligncenter size-full\"><img decoding=\"async\" src=\"https:\/\/www.bernsteinandmaryanoff.com\/wp-content\/uploads\/2023\/01\/dcba-logo-color.png\" alt=\"\" class=\"wp-image-16637\" title=\"\"><\/figure>\n<\/div><\/div>\n\n\n\n<div class=\"wp-block-cb-slide\"><div class=\"wp-block-image\">\n<figure class=\"aligncenter size-full\"><img loading=\"lazy\" decoding=\"async\" width=\"300\" height=\"300\" src=\"https:\/\/www.bernsteinandmaryanoff.com\/es\/wp-content\/uploads\/sites\/6\/2023\/06\/NTL-Top-100-Brass-Badge.png\" alt=\"\" class=\"wp-image-16877\" title=\"\" srcset=\"https:\/\/www.bernsteinandmaryanoff.com\/es\/wp-content\/uploads\/sites\/6\/2023\/06\/NTL-Top-100-Brass-Badge.png 300w, https:\/\/www.bernsteinandmaryanoff.com\/es\/wp-content\/uploads\/sites\/6\/2023\/06\/NTL-Top-100-Brass-Badge-150x150.png 150w\" sizes=\"auto, (max-width: 300px) 100vw, 300px\" \/><\/figure>\n<\/div><\/div>\n<\/div>\n<\/div><\/div>\n\n<\/div><\/div>\n\n\n<p class=\"has-theme-palette-3-color has-text-color\">Los abogados de Bernstein &amp; Maryanoff cuentan con los recursos financieros y la experiencia para ayudarlo a buscar la compensaci\u00f3n m\u00e1xima disponible por sus lesiones o p\u00e9rdidas debido a un acto delictivo. Desde nuestra oficina principal en Miami y muchas otras oficinas en Florida, representamos a clientes en todo el estado.<\/p>\n\n\n\n<p class=\"has-theme-palette-3-color has-text-color\">La ley de Florida requiere que el propietario de un establecimiento comercial est\u00e9 al tanto de delitos anteriores en el \u00e1rea a trav\u00e9s de informes period\u00edsticos y estudiando la informaci\u00f3n en los registros del condado. Cuando un \u00e1rea tiene una actividad delictiva significativa, como asaltos anteriores, robos de bolsos, robos o robos de veh\u00edculos, el propietario del establecimiento tiene la obligaci\u00f3n legal de brindar seguridad para proteger a los hu\u00e9spedes.<\/p>\n\n\n\n<p class=\"has-theme-palette-3-color has-text-color\">En algunos casos, se requiere que se proporcione un guardia de seguridad. No se requiere que un guardia de seguridad pueda evitar que ocurra un crimen. La presencia de un guardia de seguridad en un estacionamiento o en una tienda sirve para disuadir a alguien que quiera robar o agredir a los clientes de ese negocio. La cantidad de seguridad requerida para disuadir el crimen depende del historial delictivo en el \u00e1rea y el dise\u00f1o f\u00edsico de la propiedad. Otras medidas de seguridad pueden incluir c\u00e1maras, se\u00f1ales de advertencia, polic\u00edas fuera de servicio e iluminaci\u00f3n mejorada. A veces, \u00a1un solo guardia de seguridad no era suficiente! Nuestros abogados contratar\u00e1n a un experto en seguridad para que testifique sobre la cantidad de seguridad que se deber\u00eda haber brindado. Ese experto generalmente ser\u00e1 un alguacil retirado o un jefe de polic\u00eda de una ciudad importante que podr\u00eda testificar con una gran credibilidad.<\/p>\n\n\n\n<p class=\"has-theme-palette-3-color has-text-color\">Las empresas quieren que vengas a su propiedad y gastes dinero. Seg\u00fan la ley de Florida, tambi\u00e9n tienen el deber de asegurarse de que usted est\u00e9 a salvo de actos delictivos previsibles que puedan lesionarlo.<\/p>\n\n\n\n<p class=\"has-theme-palette-3-color has-text-color\">Consulta gratuita: nunca hay un cargo por hablar con un abogado de lesiones personales en el bufete de abogados de Bernstein &amp; Maryanoff. Con una oficina principal en Miami, muchas otras oficinas en Florida y la voluntad de hacer visitas a domicilio, nuestros abogados estar\u00e1n all\u00ed cuando los necesite. Manejamos todos los casos en base a honorarios de contingencia.<\/p>\n<\/div><\/div>\n\n<\/div><\/div>","protected":false},"excerpt":{"rendered":"<p>Abogados de seguridad negligente en Miami PROTEGIENDO SUS DERECHOS DESDE 1983 Los abogados de seguridad negligente de Bernstein &amp; Maryanoff tienen la pericia y la experiencia necesarias para obtener la m\u00e1xima compensaci\u00f3n por sus lesiones. Abogados de seguridad negligente de Miami En algunas situaciones, el propietario de una tienda, centro comercial u otra propiedad tiene&#8230;<\/p>\n","protected":false},"author":4,"featured_media":0,"parent":15,"menu_order":0,"comment_status":"closed","ping_status":"closed","template":"","meta":{"_acf_changed":false,"_kad_blocks_custom_css":"","_kad_blocks_head_custom_js":"","_kad_blocks_body_custom_js":"","_kad_blocks_footer_custom_js":"","_kadence_starter_templates_imported_post":false,"_kad_post_transparent":"","_kad_post_title":"","_kad_post_layout":"right","_kad_post_sidebar_id":"","_kad_post_content_style":"","_kad_post_vertical_padding":"","_kad_post_feature":"","_kad_post_feature_position":"","_kad_post_header":false,"_kad_post_footer":false,"_kad_post_classname":"","footnotes":""},"class_list":["post-16471","page","type-page","status-publish","hentry"],"acf":[],"taxonomy_info":[],"featured_image_src_large":false,"author_info":{"display_name":"tcastillo","author_link":"https:\/\/www.bernsteinandmaryanoff.com\/es\/author\/tcastillo\/"},"comment_info":0,"_links":{"self":[{"href":"https:\/\/www.bernsteinandmaryanoff.com\/es\/wp-json\/wp\/v2\/pages\/16471","targetHints":{"allow":["GET"]}}],"collection":[{"href":"https:\/\/www.bernsteinandmaryanoff.com\/es\/wp-json\/wp\/v2\/pages"}],"about":[{"href":"https:\/\/www.bernsteinandmaryanoff.com\/es\/wp-json\/wp\/v2\/types\/page"}],"author":[{"embeddable":true,"href":"https:\/\/www.bernsteinandmaryanoff.com\/es\/wp-json\/wp\/v2\/users\/4"}],"replies":[{"embeddable":true,"href":"https:\/\/www.bernsteinandmaryanoff.com\/es\/wp-json\/wp\/v2\/comments?post=16471"}],"version-history":[{"count":0,"href":"https:\/\/www.bernsteinandmaryanoff.com\/es\/wp-json\/wp\/v2\/pages\/16471\/revisions"}],"up":[{"embeddable":true,"href":"https:\/\/www.bernsteinandmaryanoff.com\/es\/wp-json\/wp\/v2\/pages\/15"}],"wp:attachment":[{"href":"https:\/\/www.bernsteinandmaryanoff.com\/es\/wp-json\/wp\/v2\/media?parent=16471"}],"curies":[{"name":"wp","href":"https:\/\/api.w.org\/{rel}","templated":true}]}}