{"id":16446,"date":"2022-11-06T22:40:43","date_gmt":"2022-11-07T06:40:43","guid":{"rendered":"https:\/\/www.bernsteinandmaryanoff.com\/?page_id=16446"},"modified":"2024-03-28T06:35:29","modified_gmt":"2024-03-28T13:35:29","slug":"mordeduras-de-perro-miami","status":"publish","type":"page","link":"https:\/\/www.bernsteinandmaryanoff.com\/es\/areas-de-practica\/mordeduras-de-perro-miami\/","title":{"rendered":"Abogados de mordeduras de perro en Miami"},"content":{"rendered":"<style>.kb-row-layout-id16446_817f34-78 > .kt-row-column-wrap{align-content:center;}:where(.kb-row-layout-id16446_817f34-78 > .kt-row-column-wrap) > .wp-block-kadence-column{justify-content:center;}.kb-row-layout-id16446_817f34-78 > .kt-row-column-wrap{column-gap:var(--global-kb-gap-md, 2rem);row-gap:var(--global-kb-gap-md, 2rem);max-width:1300px;margin-left:auto;margin-right:auto;padding-top:60px;padding-bottom:60px;grid-template-columns:minmax(0, 1fr);}.kb-row-layout-id16446_817f34-78{background-image:url('https:\/\/www.bernsteinandmaryanoff.com\/es\/wp-content\/uploads\/sites\/6\/2022\/11\/image-4.png');background-size:cover;background-position:center center;background-attachment:scroll;background-repeat:no-repeat;}.kb-row-layout-id16446_817f34-78 > .kt-row-layout-overlay{opacity:0.30;}@media all and (max-width: 1024px){.kb-row-layout-id16446_817f34-78 > .kt-row-column-wrap{grid-template-columns:minmax(0, 1fr);}}@media all and (max-width: 767px){.kb-row-layout-id16446_817f34-78 > .kt-row-column-wrap{grid-template-columns:minmax(0, 1fr);}}<\/style><div class=\"kb-row-layout-wrap kb-row-layout-id16446_817f34-78 alignfull kt-row-has-bg wp-block-kadence-rowlayout\"><div class=\"kt-row-column-wrap kt-has-1-columns kt-row-layout-equal kt-tab-layout-inherit kt-mobile-layout-row kt-row-valign-middle\">\n<style>.kadence-column16446_8bd5a8-e6 > .kt-inside-inner-col,.kadence-column16446_8bd5a8-e6 > .kt-inside-inner-col:before{border-top-left-radius:0px;border-top-right-radius:0px;border-bottom-right-radius:0px;border-bottom-left-radius:0px;}.kadence-column16446_8bd5a8-e6 > .kt-inside-inner-col{column-gap:var(--global-kb-gap-sm, 1rem);}.kadence-column16446_8bd5a8-e6 > .kt-inside-inner-col{flex-direction:column;}.kadence-column16446_8bd5a8-e6 > .kt-inside-inner-col > .aligncenter{width:100%;}.kadence-column16446_8bd5a8-e6 > .kt-inside-inner-col:before{opacity:0.3;}.kadence-column16446_8bd5a8-e6{position:relative;}@media all and (max-width: 1024px){.kadence-column16446_8bd5a8-e6 > .kt-inside-inner-col{flex-direction:column;justify-content:center;}}@media all and (max-width: 767px){.kadence-column16446_8bd5a8-e6 > .kt-inside-inner-col{flex-direction:column;justify-content:center;}}<\/style>\n<div class=\"wp-block-kadence-column kadence-column16446_8bd5a8-e6 inner-column-1\"><div class=\"kt-inside-inner-col\"><style>.wp-block-kadence-advancedheading.kt-adv-heading16446_570e03-99, .wp-block-kadence-advancedheading.kt-adv-heading16446_570e03-99[data-kb-block=\"kb-adv-heading16446_570e03-99\"]{font-style:normal;}.wp-block-kadence-advancedheading.kt-adv-heading16446_570e03-99 mark.kt-highlight, .wp-block-kadence-advancedheading.kt-adv-heading16446_570e03-99[data-kb-block=\"kb-adv-heading16446_570e03-99\"] mark.kt-highlight{font-style:normal;color:#f76a0c;-webkit-box-decoration-break:clone;box-decoration-break:clone;padding-top:0px;padding-right:0px;padding-bottom:0px;padding-left:0px;}.wp-block-kadence-advancedheading.kt-adv-heading16446_570e03-99 img.kb-inline-image, .wp-block-kadence-advancedheading.kt-adv-heading16446_570e03-99[data-kb-block=\"kb-adv-heading16446_570e03-99\"] img.kb-inline-image{width:150px;vertical-align:baseline;}<\/style>\n<h1 class=\"kt-adv-heading16446_570e03-99 wp-block-kadence-advancedheading\" data-kb-block=\"kb-adv-heading16446_570e03-99\">Abogados de mordeduras de perro en Miami<\/h1>\n\n\n<style>.wp-block-kadence-advancedheading.kt-adv-heading16446_bce4c2-46, .wp-block-kadence-advancedheading.kt-adv-heading16446_bce4c2-46[data-kb-block=\"kb-adv-heading16446_bce4c2-46\"]{font-style:normal;}.wp-block-kadence-advancedheading.kt-adv-heading16446_bce4c2-46 mark.kt-highlight, .wp-block-kadence-advancedheading.kt-adv-heading16446_bce4c2-46[data-kb-block=\"kb-adv-heading16446_bce4c2-46\"] mark.kt-highlight{font-style:normal;color:#f76a0c;-webkit-box-decoration-break:clone;box-decoration-break:clone;padding-top:0px;padding-right:0px;padding-bottom:0px;padding-left:0px;}.wp-block-kadence-advancedheading.kt-adv-heading16446_bce4c2-46 img.kb-inline-image, .wp-block-kadence-advancedheading.kt-adv-heading16446_bce4c2-46[data-kb-block=\"kb-adv-heading16446_bce4c2-46\"] img.kb-inline-image{width:150px;vertical-align:baseline;}<\/style>\n<h4 class=\"kt-adv-heading16446_bce4c2-46 wp-block-kadence-advancedheading has-theme-palette-1-color has-text-color\" data-kb-block=\"kb-adv-heading16446_bce4c2-46\">PROTEGIENDO SUS DERECHOS DESDE 1983<\/h4>\n\n\n<style>.wp-block-kadence-advancedheading.kt-adv-heading16446_97b708-4d, .wp-block-kadence-advancedheading.kt-adv-heading16446_97b708-4d[data-kb-block=\"kb-adv-heading16446_97b708-4d\"]{font-style:normal;}.wp-block-kadence-advancedheading.kt-adv-heading16446_97b708-4d mark.kt-highlight, .wp-block-kadence-advancedheading.kt-adv-heading16446_97b708-4d[data-kb-block=\"kb-adv-heading16446_97b708-4d\"] mark.kt-highlight{font-style:normal;color:#f76a0c;-webkit-box-decoration-break:clone;box-decoration-break:clone;padding-top:0px;padding-right:0px;padding-bottom:0px;padding-left:0px;}.wp-block-kadence-advancedheading.kt-adv-heading16446_97b708-4d img.kb-inline-image, .wp-block-kadence-advancedheading.kt-adv-heading16446_97b708-4d[data-kb-block=\"kb-adv-heading16446_97b708-4d\"] img.kb-inline-image{width:150px;vertical-align:baseline;}<\/style>\n<p class=\"kt-adv-heading16446_97b708-4d wp-block-kadence-advancedheading has-theme-palette-3-color has-text-color\" data-kb-block=\"kb-adv-heading16446_97b708-4d\">Los abogados de lesiones por mordedura de perro de Bernstein &amp; Maryanoff tienen el conocimiento y la experiencia necesarios para obtener la mejor compensaci\u00f3n por sus lesiones relacionadas con la mordedura de perro.<\/p>\n<\/div><\/div>\n\n<\/div><\/div>\n\n<style>.kb-row-layout-id16446_d44f51-9f > .kt-row-column-wrap{align-content:start;}:where(.kb-row-layout-id16446_d44f51-9f > .kt-row-column-wrap) > .wp-block-kadence-column{justify-content:start;}.kb-row-layout-id16446_d44f51-9f > .kt-row-column-wrap{column-gap:var(--global-kb-gap-md, 2rem);row-gap:var(--global-kb-gap-md, 2rem);padding-top:25px;padding-right:25px;padding-bottom:25px;padding-left:25px;grid-template-columns:minmax(0, 1fr);}.kb-row-layout-id16446_d44f51-9f > .kt-row-layout-overlay{opacity:0.30;}@media all and (max-width: 1024px){.kb-row-layout-id16446_d44f51-9f > .kt-row-column-wrap{grid-template-columns:minmax(0, 1fr);}}@media all and (max-width: 767px){.kb-row-layout-id16446_d44f51-9f > .kt-row-column-wrap{grid-template-columns:minmax(0, 1fr);}}<\/style><div class=\"kb-row-layout-wrap kb-row-layout-id16446_d44f51-9f alignnone wp-block-kadence-rowlayout\"><div class=\"kt-row-column-wrap kt-has-1-columns kt-row-layout-equal kt-tab-layout-inherit kt-mobile-layout-row kt-row-valign-top\">\n<style>.kadence-column16446_e4924c-74 > .kt-inside-inner-col,.kadence-column16446_e4924c-74 > .kt-inside-inner-col:before{border-top-left-radius:0px;border-top-right-radius:0px;border-bottom-right-radius:0px;border-bottom-left-radius:0px;}.kadence-column16446_e4924c-74 > .kt-inside-inner-col{column-gap:var(--global-kb-gap-sm, 1rem);}.kadence-column16446_e4924c-74 > .kt-inside-inner-col{flex-direction:column;}.kadence-column16446_e4924c-74 > .kt-inside-inner-col > .aligncenter{width:100%;}.kadence-column16446_e4924c-74 > .kt-inside-inner-col:before{opacity:0.3;}.kadence-column16446_e4924c-74{position:relative;}.kadence-column16446_e4924c-74, .kt-inside-inner-col > .kadence-column16446_e4924c-74:not(.specificity){margin-bottom:60px;}@media all and (max-width: 1024px){.kadence-column16446_e4924c-74 > .kt-inside-inner-col{flex-direction:column;justify-content:center;}}@media all and (max-width: 767px){.kadence-column16446_e4924c-74 > .kt-inside-inner-col{flex-direction:column;justify-content:center;}}<\/style>\n<div class=\"wp-block-kadence-column kadence-column16446_e4924c-74 inner-column-1\"><div class=\"kt-inside-inner-col\"><nav aria-label=\"breadcrumbs\" class=\"rank-math-breadcrumb\"><p><span class=\"last\">Bernstein &amp; Maryanoff<\/span><\/p><\/nav>\n\n\n\n<h2 class=\"wp-block-heading has-theme-palette-1-color has-text-color\">Abogados de mordedura de perro en Miami<\/h2>\n\n\n\n<p class=\"has-theme-palette-3-color has-text-color\">En Florida, el due\u00f1o de un perro es estrictamente responsable de las lesiones que le cause su perro. La provocaci\u00f3n es una defensa que puede plantear el due\u00f1o del perro. Sin embargo, si usted no provoc\u00f3 al animal, su abogado no tiene que probar negligencia por parte del due\u00f1o del perro. La \u00fanica pregunta es cu\u00e1nto dinero se le debe otorgar por su lesi\u00f3n o p\u00e9rdida.<\/p>\n\n\n\n<p class=\"has-theme-palette-3-color has-text-color\">Las mordeduras de perro pueden dejar graves cicatrices f\u00edsicas y emocionales en la v\u00edctima. Los abogados de Bernstein &amp; Maryanoff cuentan con los recursos financieros y la experiencia para ayudarlo a buscar la compensaci\u00f3n m\u00e1xima por las lesiones sufridas en cualquier ataque animal. Desde nuestra oficina principal en Miami y muchas otras oficinas en Florida, representamos a clientes en todo el estado.<\/p>\n\n\n\n<p class=\"has-theme-palette-3-color has-text-color\"><a href=\"https:\/\/www.iii.org\/article\/spotlight-on-dog-bite-liability\" target=\"_blank\" rel=\"noreferrer noopener nofollow\">El seguro de propietario de vivienda normalmente cubrir\u00e1 los da\u00f1os<\/a>&nbsp;tales como gastos m\u00e9dicos en el pasado y en el futuro, salarios perdidos en el pasado y en el futuro, y dolor y sufrimiento. La segunda v\u00eda de recuperaci\u00f3n puede ser contra el propietario del local que alquil\u00f3 un apartamento al due\u00f1o del perro. El due\u00f1o de la propiedad ser\u00eda responsable solo si el perro ten\u00eda un historial de mordeduras o maldad que el due\u00f1o de la propiedad deber\u00eda haber conocido. Su abogado deber\u00e1 evaluar cuidadosamente su caso de lesi\u00f3n por mordedura de perro para determinar qu\u00e9 cobertura de seguro est\u00e1 disponible y c\u00f3mo puede recuperar los da\u00f1os por gastos inmediatos, como la atenci\u00f3n m\u00e9dica.<\/p>\n\n\n<style>.kb-table-of-content-nav.kb-table-of-content-id16446_71d49b-6a .kb-table-of-content-wrap{padding-top:0px;padding-right:20px;padding-bottom:0px;padding-left:20px;}.kb-table-of-content-nav.kb-table-of-content-id16446_71d49b-6a .kb-table-of-contents-title-wrap{padding-top:0px;padding-right:0px;padding-bottom:0px;padding-left:0px;}.kb-table-of-content-nav.kb-table-of-content-id16446_71d49b-6a .kb-table-of-contents-title{font-weight:regular;font-style:normal;}.kb-table-of-content-nav.kb-table-of-content-id16446_71d49b-6a .kb-table-of-content-wrap .kb-table-of-content-list{color:var(--global-palette1, #3182CE);font-weight:regular;font-style:normal;margin-top:var(--global-kb-spacing-sm, 1.5rem);margin-right:0px;margin-bottom:0px;margin-left:0px;}.kb-table-of-content-nav.kb-table-of-content-id16446_71d49b-6a .kb-table-of-content-wrap .kb-table-of-content-list .kb-table-of-contents__entry:hover{color:var(--global-palette2, #2B6CB0);}<\/style>\n\n<style>.kb-row-layout-id16695_a80a64-d8 > .kt-row-column-wrap{align-content:start;}:where(.kb-row-layout-id16695_a80a64-d8 > .kt-row-column-wrap) > .wp-block-kadence-column{justify-content:start;}.kb-row-layout-id16695_a80a64-d8 > .kt-row-column-wrap{column-gap:var(--global-kb-gap-md, 2rem);row-gap:var(--global-kb-gap-md, 2rem);max-width:var( --global-content-width, 1400px );padding-left:var(--global-content-edge-padding);padding-right:var(--global-content-edge-padding);padding-top:45px;padding-bottom:45px;grid-template-columns:minmax(0, 1fr);}.kb-row-layout-id16695_a80a64-d8 > .kt-row-layout-overlay{opacity:0.30;}@media all and (max-width: 1024px){.kb-row-layout-id16695_a80a64-d8 > .kt-row-column-wrap{grid-template-columns:minmax(0, 1fr);}}@media all and (max-width: 767px){.kb-row-layout-id16695_a80a64-d8 > .kt-row-column-wrap{grid-template-columns:minmax(0, 1fr);}}<\/style><div class=\"kb-row-layout-wrap kb-row-layout-id16695_a80a64-d8 alignfull has-theme-palette7-background-color kt-row-has-bg wp-block-kadence-rowlayout\"><div class=\"kt-row-column-wrap kt-has-1-columns kt-row-layout-equal kt-tab-layout-inherit kt-mobile-layout-row kt-row-valign-top kb-theme-content-width\">\n<style>.kadence-column16695_861d89-8f > .kt-inside-inner-col,.kadence-column16695_861d89-8f > .kt-inside-inner-col:before{border-top-left-radius:0px;border-top-right-radius:0px;border-bottom-right-radius:0px;border-bottom-left-radius:0px;}.kadence-column16695_861d89-8f > .kt-inside-inner-col{column-gap:var(--global-kb-gap-sm, 1rem);}.kadence-column16695_861d89-8f > .kt-inside-inner-col{flex-direction:column;}.kadence-column16695_861d89-8f > .kt-inside-inner-col > .aligncenter{width:100%;}.kadence-column16695_861d89-8f > .kt-inside-inner-col:before{opacity:0.3;}.kadence-column16695_861d89-8f{position:relative;}@media all and (max-width: 1024px){.kadence-column16695_861d89-8f > .kt-inside-inner-col{flex-direction:column;justify-content:center;}}@media all and (max-width: 767px){.kadence-column16695_861d89-8f > .kt-inside-inner-col{flex-direction:column;justify-content:center;}}<\/style>\n<div class=\"wp-block-kadence-column kadence-column16695_861d89-8f inner-column-1\"><div class=\"kt-inside-inner-col\">\n<div class=\"wp-block-cb-carousel logos-slider\" data-slick=\"{&quot;slidesToShow&quot;:4,&quot;slidesToScroll&quot;:1,&quot;speed&quot;:300,&quot;arrows&quot;:false,&quot;dots&quot;:false,&quot;autoplay&quot;:true,&quot;autoplaySpeed&quot;:3000,&quot;infinite&quot;:true,&quot;responsive&quot;:[{&quot;breakpoint&quot;:769,&quot;settings&quot;:{&quot;slidesToShow&quot;:1,&quot;slidesToScroll&quot;:1}}]}\">\n<div class=\"wp-block-cb-slide\"><div class=\"wp-block-image\">\n<figure class=\"aligncenter size-full\"><img decoding=\"async\" src=\"https:\/\/www.bernsteinandmaryanoff.com\/wp-content\/uploads\/2023\/01\/aba-logo.png\" alt=\"\" class=\"wp-image-16635\" title=\"\"><\/figure>\n<\/div><\/div>\n\n\n\n<div class=\"wp-block-cb-slide\"><div class=\"wp-block-image\">\n<figure class=\"aligncenter size-full\"><img decoding=\"async\" src=\"https:\/\/www.bernsteinandmaryanoff.com\/wp-content\/uploads\/2023\/01\/bcba-logo.png\" alt=\"\" class=\"wp-image-16636\" title=\"\"><\/figure>\n<\/div><\/div>\n\n\n\n<div class=\"wp-block-cb-slide\"><div class=\"wp-block-image\">\n<figure class=\"aligncenter size-full\"><img decoding=\"async\" src=\"https:\/\/www.bernsteinandmaryanoff.com\/wp-content\/uploads\/2023\/01\/caba-logo-color.png\" alt=\"\" class=\"wp-image-16639\" title=\"\"><\/figure>\n<\/div><\/div>\n\n\n\n<div class=\"wp-block-cb-slide\"><div class=\"wp-block-image\">\n<figure class=\"aligncenter size-full\"><img decoding=\"async\" src=\"https:\/\/www.bernsteinandmaryanoff.com\/wp-content\/uploads\/2023\/01\/dcba-logo-color.png\" alt=\"\" class=\"wp-image-16637\" title=\"\"><\/figure>\n<\/div><\/div>\n\n\n\n<div class=\"wp-block-cb-slide\"><div class=\"wp-block-image\">\n<figure class=\"aligncenter size-full\"><img loading=\"lazy\" decoding=\"async\" width=\"300\" height=\"300\" src=\"https:\/\/www.bernsteinandmaryanoff.com\/es\/wp-content\/uploads\/sites\/6\/2023\/06\/NTL-Top-100-Brass-Badge.png\" alt=\"\" class=\"wp-image-16877\" title=\"\" srcset=\"https:\/\/www.bernsteinandmaryanoff.com\/es\/wp-content\/uploads\/sites\/6\/2023\/06\/NTL-Top-100-Brass-Badge.png 300w, https:\/\/www.bernsteinandmaryanoff.com\/es\/wp-content\/uploads\/sites\/6\/2023\/06\/NTL-Top-100-Brass-Badge-150x150.png 150w\" sizes=\"auto, (max-width: 300px) 100vw, 300px\" \/><\/figure>\n<\/div><\/div>\n<\/div>\n<\/div><\/div>\n\n<\/div><\/div>\n\n\n<h2 class=\"wp-block-heading\">C\u00f3mo nuestras abogados de mordeduras de perros en Miami pueden ayudarlo<\/h2>\n\n\n\n<figure class=\"wp-block-image size-full is-resized\" id=\"attachment_14293\"><img loading=\"lazy\" decoding=\"async\" width=\"765\" height=\"457\" src=\"https:\/\/www.bernsteinandmaryanoff.com\/es\/wp-content\/uploads\/sites\/6\/2022\/11\/dog-bite.jpg\" alt=\"\" class=\"wp-image-16483\" style=\"width:640px;height:undefinedpx\" title=\"\" srcset=\"https:\/\/www.bernsteinandmaryanoff.com\/es\/wp-content\/uploads\/sites\/6\/2022\/11\/dog-bite.jpg 765w, https:\/\/www.bernsteinandmaryanoff.com\/es\/wp-content\/uploads\/sites\/6\/2022\/11\/dog-bite-300x179.jpg 300w\" sizes=\"auto, (max-width: 765px) 100vw, 765px\" \/><figcaption class=\"wp-element-caption\">Dog bite lawyers in miami<\/figcaption><\/figure>\n\n\n\n<p class=\"has-theme-palette-3-color has-text-color\">Si se lesiona debido a la mordedura de un perro en Miami, es posible que tenga derecho a una compensaci\u00f3n por sus lesiones. La ley de Florida protege a las v\u00edctimas de mordeduras de perros. Para obtener una compensaci\u00f3n justa por sus lesiones por mordedura de perro, debe hacer valer sus derechos y presentar un reclamo de recuperaci\u00f3n. Nuestros abogados con experiencia en mordeduras de perros en Miami pueden ayudarlo a tomar las medidas adecuadas para continuar con su reclamo.<\/p>\n\n\n\n<h2 class=\"wp-block-heading\">\u00bfSe puede demandar por una mordedura de perro en Miami?<\/h2>\n\n\n\n<p class=\"has-theme-palette-3-color has-text-color\">S\u00ed, puede demandar por una mordedura de perro en Miami. Debe demostrar que la mordedura del perro result\u00f3 en sus lesiones y que el due\u00f1o del perro no tiene ninguna defensa v\u00e1lida que se aplique. A diferencia de otros tipos de casos de lesiones personales, no tiene que probar negligencia por parte del due\u00f1o del perro.<\/p>\n\n\n\n<p class=\"has-theme-palette-3-color has-text-color\">En cambio, el due\u00f1o del perro tiene la responsabilidad estricta por los da\u00f1os resultantes cada vez que su perro muerde. El due\u00f1o del perro debe compensarte por tus p\u00e9rdidas econ\u00f3micas. Tambi\u00e9n puede reclamar una compensaci\u00f3n por su sufrimiento emocional y dolor f\u00edsico. La ley de Florida permite que las v\u00edctimas de mordeduras de perros cobren el pago de los due\u00f1os de perros responsables.<\/p>\n\n\n\n<h2 class=\"wp-block-heading\">\u00bfImporta d\u00f3nde ocurre el ataque?<\/h2>\n\n\n\n<p class=\"has-theme-palette-3-color has-text-color\">Es el due\u00f1o del perro el responsable de sus da\u00f1os despu\u00e9s de una mordedura de perro si se encuentra legalmente en una propiedad p\u00fablica o privada. Eso incluye en la propiedad del propietario si est\u00e1 all\u00ed por un prop\u00f3sito legal. Eso significa que el due\u00f1o de un perro puede ser responsable ante una persona que entrega correo o paquetes. Pueden ser responsables ante una persona a la que invitan como invitado social.<\/p>\n\n\n\n<p class=\"has-theme-palette-3-color has-text-color\">Adem\u00e1s de la propiedad privada, si te muerde un perro en la v\u00eda p\u00fablica o en un parque p\u00fablico, el due\u00f1o del perro tambi\u00e9n es responsable en esa situaci\u00f3n. La ley de Florida es estricta cuando se trata de proteger a las v\u00edctimas. Los due\u00f1os de perros son responsables de las acciones de sus perros con excepciones limitadas.<\/p>\n\n\n\n<h2 class=\"wp-block-heading\">\u00bfCu\u00e1les son las posibles defensas ante un reclamo por mordedura de perro en Florida?<\/h2>\n\n\n\n<p class=\"has-theme-palette-3-color has-text-color\">Solo hay unas pocas defensas disponibles para los due\u00f1os de perros si su perro muerde. Pueden afirmar que provocaste al perro. Podr\u00edan decir que estabas entrando ilegalmente sin permiso. A menos que el due\u00f1o del perro pueda mostrar una de estas excepciones, depende del due\u00f1o del perro pagar por sus p\u00e9rdidas. Incluso si reclaman una de estas defensas, puede trabajar con nuestros abogados con experiencia en mordeduras de perros para mostrar lo que sucedi\u00f3 y defenderse de las acusaciones de irregularidades.<\/p>\n\n\n\n<h2 class=\"wp-block-heading\">\u00bfQu\u00e9 puedo recuperar si soy v\u00edctima de una mordedura de perro en Miami?<\/h2>\n\n\n\n<p class=\"has-theme-palette-3-color has-text-color\">Las mordeduras de perro pueden dejarte con graves cicatrices f\u00edsicas y emocionales. La parte responsable puede tener un seguro de propietario de vivienda que cubra algunos de sus da\u00f1os, como las facturas m\u00e9dicas actuales y las facturas m\u00e9dicas previstas en el futuro. Si ha perdido salarios o incluso ha perdido ingresos de trabajo por cuenta propia a causa de sus lesiones, puede solicitar una compensaci\u00f3n para cubrir sus p\u00e9rdidas.<\/p>\n\n\n\n<p class=\"has-theme-palette-3-color has-text-color\">Los propietarios del local tambi\u00e9n pueden compartir la responsabilidad si saben que el perro tiene antecedentes de agresi\u00f3n. Su abogado deber\u00e1 evaluar cuidadosamente su caso de lesi\u00f3n por mordedura de perro para determinar qu\u00e9 cobertura de seguro est\u00e1 disponible y c\u00f3mo puede recuperar da\u00f1os por gastos inmediatos, gastos futuros y dolor y sufrimiento. En \u00faltima instancia, la responsabilidad recae en el due\u00f1o del perro para cubrir sus p\u00e9rdidas a trav\u00e9s de seguros o sus propios recursos.<\/p>\n\n\n\n<h2 class=\"wp-block-heading\">P\u00f3ngase en contacto con un abogado para una consulta gratuita<\/h2>\n\n\n\n<p class=\"has-theme-palette-3-color has-text-color\">En cualquier caso de mordedura de perro o ataque de animal, es importante ponerse en contacto con un abogado lo antes posible para investigar r\u00e1pidamente. Muchas veces los perros andan sueltos y puede ser dif\u00edcil saber qui\u00e9n es el due\u00f1o del perro. Tambi\u00e9n debe denunciar la mordedura de perro a la polic\u00eda. La polic\u00eda har\u00e1 un informe y se pondr\u00e1 en contacto con el control de animales, quienes investigar\u00e1n y presentar\u00e1n un informe. Si el perro no estaba debidamente registrado o vacunado, el control de animales intentar\u00e1 capturar al perro y ponerlo en cuarentena para asegurarse de que no tenga rabia. Es importante obtener fotos del perro y de la casa del due\u00f1o del perro, particularmente mostrando se\u00f1ales de advertencia de perros o la falta de tales se\u00f1ales.<\/p>\n\n\n\n<p class=\"has-theme-palette-3-color has-text-color\">Nunca hay un cargo por hablar con un abogado de mordeduras de perro en el bufete de abogados de Bernstein &amp; Maryanoff. Con una oficina principal en Miami, muchas otras oficinas en Florida y la voluntad de hacer visitas a domicilio, nuestros abogados estar\u00e1n all\u00ed cuando los necesite. Manejamos todos los casos en base a honorarios de contingencia.<\/p>\n<\/div><\/div>\n\n<\/div><\/div>","protected":false},"excerpt":{"rendered":"<p>Abogados de mordeduras de perro en Miami PROTEGIENDO SUS DERECHOS DESDE 1983 Los abogados de lesiones por mordedura de perro de Bernstein &amp; Maryanoff tienen el conocimiento y la experiencia necesarios para obtener la mejor compensaci\u00f3n por sus lesiones relacionadas con la mordedura de perro. Abogados de mordedura de perro en Miami En Florida, el&#8230;<\/p>\n","protected":false},"author":4,"featured_media":0,"parent":15,"menu_order":0,"comment_status":"closed","ping_status":"closed","template":"","meta":{"_acf_changed":false,"_kad_blocks_custom_css":"","_kad_blocks_head_custom_js":"","_kad_blocks_body_custom_js":"","_kad_blocks_footer_custom_js":"","_kadence_starter_templates_imported_post":false,"_kad_post_transparent":"","_kad_post_title":"","_kad_post_layout":"right","_kad_post_sidebar_id":"sidebar-primary","_kad_post_content_style":"","_kad_post_vertical_padding":"","_kad_post_feature":"","_kad_post_feature_position":"","_kad_post_header":false,"_kad_post_footer":false,"_kad_post_classname":"","footnotes":""},"class_list":["post-16446","page","type-page","status-publish","hentry"],"acf":[],"taxonomy_info":[],"featured_image_src_large":false,"author_info":{"display_name":"tcastillo","author_link":"https:\/\/www.bernsteinandmaryanoff.com\/es\/author\/tcastillo\/"},"comment_info":0,"_links":{"self":[{"href":"https:\/\/www.bernsteinandmaryanoff.com\/es\/wp-json\/wp\/v2\/pages\/16446","targetHints":{"allow":["GET"]}}],"collection":[{"href":"https:\/\/www.bernsteinandmaryanoff.com\/es\/wp-json\/wp\/v2\/pages"}],"about":[{"href":"https:\/\/www.bernsteinandmaryanoff.com\/es\/wp-json\/wp\/v2\/types\/page"}],"author":[{"embeddable":true,"href":"https:\/\/www.bernsteinandmaryanoff.com\/es\/wp-json\/wp\/v2\/users\/4"}],"replies":[{"embeddable":true,"href":"https:\/\/www.bernsteinandmaryanoff.com\/es\/wp-json\/wp\/v2\/comments?post=16446"}],"version-history":[{"count":0,"href":"https:\/\/www.bernsteinandmaryanoff.com\/es\/wp-json\/wp\/v2\/pages\/16446\/revisions"}],"up":[{"embeddable":true,"href":"https:\/\/www.bernsteinandmaryanoff.com\/es\/wp-json\/wp\/v2\/pages\/15"}],"wp:attachment":[{"href":"https:\/\/www.bernsteinandmaryanoff.com\/es\/wp-json\/wp\/v2\/media?parent=16446"}],"curies":[{"name":"wp","href":"https:\/\/api.w.org\/{rel}","templated":true}]}}